{"id":21,"date":"2012-10-29T20:40:18","date_gmt":"2012-10-29T18:40:18","guid":{"rendered":"http:\/\/www.newjoyce.de\/?page_id=21"},"modified":"2024-12-14T15:28:51","modified_gmt":"2024-12-14T13:28:51","slug":"uber-uns","status":"publish","type":"page","link":"https:\/\/www.newjoyce.de\/?page_id=21","title":{"rendered":"Der Chor"},"content":{"rendered":"<h1>Der Pop- und Gospelchor aus Sindelfingen<\/h1>\n<p>Wir sind:<\/p>\n<ul>\n<li>ca. 25 S\u00e4ngerinnen und S\u00e4nger im Alter von\u2026 bis\u2026<\/li>\n<li>versiert in Gospel und Pop, neugierig auf Jazz und a Capella<\/li>\n<li>diszipliniert und doch Spa\u00dfsinger<\/li>\n<li>begeistert, wenn es grooved<\/li>\n<li>Freunde, sturmerprobt<\/li>\n<li>auf Konzerten immer \u201ehands-free\u201c unterwegs, also ohne Notenblatt<\/li>\n<li>bereit auch mal in ganz fremden Sprachen zu singen, auch wenn Englisch \u00fcberwiegt<\/li>\n<li>konzentriert, entspannt, ernsthaft, albern, fr\u00f6hlich, schr\u00e4g, bunt und tolerant<\/li>\n<li>am lautesten singend im Klosterkeller beim Probenwochenende<\/li>\n<li>neugierig und experimentierfreudig<\/li>\n<\/ul>\n<h3>Wir sind: \u00a0 newJo<span style=\"color: #ff6600;\">y<\/span>ce !<\/h3>\n\n\n<figure class=\"wp-block-image size-large\"><a href=\"https:\/\/www.newjoyce.de\/wp-content\/uploads\/2024\/12\/IMG_1838-1.jpeg\" rel=\"lightbox[21]\"><img loading=\"lazy\" decoding=\"async\" width=\"1024\" height=\"492\" src=\"https:\/\/www.newjoyce.de\/wp-content\/uploads\/2024\/12\/IMG_1838-1-1024x492.jpeg\" alt=\"\" class=\"wp-image-2408\" srcset=\"https:\/\/www.newjoyce.de\/wp-content\/uploads\/2024\/12\/IMG_1838-1-1024x492.jpeg 1024w, https:\/\/www.newjoyce.de\/wp-content\/uploads\/2024\/12\/IMG_1838-1-300x144.jpeg 300w, https:\/\/www.newjoyce.de\/wp-content\/uploads\/2024\/12\/IMG_1838-1-768x369.jpeg 768w, https:\/\/www.newjoyce.de\/wp-content\/uploads\/2024\/12\/IMG_1838-1-1536x737.jpeg 1536w, https:\/\/www.newjoyce.de\/wp-content\/uploads\/2024\/12\/IMG_1838-1.jpeg 2048w\" sizes=\"auto, (max-width: 1024px) 100vw, 1024px\" \/><\/a><\/figure>\n\n\n\n<h2 class=\"wp-block-heading\">Unsere Chorleiterin<\/h2>\n\n\n\n<p>Seit M\u00e4rz 2024 liegt die musikalische Leitung unseres kleinen Chores in den H\u00e4nden von Verena Dallmann. Die sympathische und unglaublich begabte Musikerin war f\u00fcr uns ein absoluter Gl\u00fccksgriff \ud83d\ude42<\/p>\n\n\n\n<p>Verena Dallmann erhielt mit sechs Jahren ihren ersten Klavierunterricht. Au\u00dferdem war sie seit Gr\u00fcndung S\u00e4ngerin des Kinder- und Jugendchores Chorwerk Bildechingen und&nbsp;erhielt zus\u00e4tzlich zur Stimmbildung&nbsp;dort&nbsp;sp\u00e4ter&nbsp;auch Einzelunterricht in Gesang. Seit 2018 studiert sie Schulmusik an der Hochschule f\u00fcr Musik und darstellende Kunst&nbsp;Stuttgart, wo sie im Kammerchor unter der Leitung von Prof. Denis Rouger singt.&nbsp;Seit 2023&nbsp;ist sie&nbsp;Teil des Stemning Ensembles,&nbsp;ein&nbsp;ambitioniertes&nbsp;A-Cappella-Vokalensemble&nbsp;mit Mitgliedern aus ganz Baden-W\u00fcrttemberg.<\/p>\n\n\n\n<figure class=\"wp-block-image size-full is-resized\"><a href=\"https:\/\/www.newjoyce.de\/wp-content\/uploads\/2024\/10\/IMG_2081.jpeg\" rel=\"lightbox[21]\"><img loading=\"lazy\" decoding=\"async\" width=\"687\" height=\"940\" src=\"https:\/\/www.newjoyce.de\/wp-content\/uploads\/2024\/10\/IMG_2081.jpeg\" alt=\"\" class=\"wp-image-2402\" style=\"width:325px;height:auto\" srcset=\"https:\/\/www.newjoyce.de\/wp-content\/uploads\/2024\/10\/IMG_2081.jpeg 687w, https:\/\/www.newjoyce.de\/wp-content\/uploads\/2024\/10\/IMG_2081-219x300.jpeg 219w\" sizes=\"auto, (max-width: 687px) 100vw, 687px\" \/><\/a><\/figure>\n","protected":false},"excerpt":{"rendered":"<p>Der Pop- und Gospelchor aus Sindelfingen Wir sind: ca. 25 S\u00e4ngerinnen und S\u00e4nger im Alter von\u2026 bis\u2026 versiert in Gospel und Pop, neugierig auf Jazz und a Capella diszipliniert und doch Spa\u00dfsinger begeistert, wenn es grooved Freunde, sturmerprobt auf Konzerten immer \u201ehands-free\u201c unterwegs, also ohne Notenblatt bereit auch mal in ganz fremden Sprachen zu singen, [&hellip;]<\/p>\n","protected":false},"author":1,"featured_media":0,"parent":0,"menu_order":0,"comment_status":"closed","ping_status":"open","template":"","meta":{"jetpack_post_was_ever_published":false,"footnotes":""},"class_list":["post-21","page","type-page","status-publish","hentry","post"],"jetpack_shortlink":"https:\/\/wp.me\/P481Cw-l","jetpack_sharing_enabled":true,"_links":{"self":[{"href":"https:\/\/www.newjoyce.de\/index.php?rest_route=\/wp\/v2\/pages\/21","targetHints":{"allow":["GET"]}}],"collection":[{"href":"https:\/\/www.newjoyce.de\/index.php?rest_route=\/wp\/v2\/pages"}],"about":[{"href":"https:\/\/www.newjoyce.de\/index.php?rest_route=\/wp\/v2\/types\/page"}],"author":[{"embeddable":true,"href":"https:\/\/www.newjoyce.de\/index.php?rest_route=\/wp\/v2\/users\/1"}],"replies":[{"embeddable":true,"href":"https:\/\/www.newjoyce.de\/index.php?rest_route=%2Fwp%2Fv2%2Fcomments&post=21"}],"version-history":[{"count":38,"href":"https:\/\/www.newjoyce.de\/index.php?rest_route=\/wp\/v2\/pages\/21\/revisions"}],"predecessor-version":[{"id":2411,"href":"https:\/\/www.newjoyce.de\/index.php?rest_route=\/wp\/v2\/pages\/21\/revisions\/2411"}],"wp:attachment":[{"href":"https:\/\/www.newjoyce.de\/index.php?rest_route=%2Fwp%2Fv2%2Fmedia&parent=21"}],"curies":[{"name":"wp","href":"https:\/\/api.w.org\/{rel}","templated":true}]}}