{"id":1825,"date":"2016-09-22T12:34:41","date_gmt":"2016-09-22T10:34:41","guid":{"rendered":"http:\/\/www.newjoyce.de\/?page_id=1825"},"modified":"2017-11-09T17:24:11","modified_gmt":"2017-11-09T15:24:11","slug":"presse","status":"publish","type":"page","link":"https:\/\/www.newjoyce.de\/?page_id=1825","title":{"rendered":"Presse"},"content":{"rendered":"<h2>\u2026und das sagt die Presse \u00fcber uns:<\/h2>\n<hr \/>\n<p><em>G\u00e4ubote vom 07.11.2017:<\/em><\/p>\n<h4>NewJoyce setzt nicht nur auf Pop (von Andreas Staub)<\/h4>\n<h5>Der Pop- und Gospel-Chor NewJoyce aus Sindelfingen begeisterte mit afrikanischen Kl\u00e4ngen in der Alten Turnhalle.<\/h5>\n<p>\u201e\u2026Mit einem solchen Andrang hatte wohl niemand gerechnet. Die Alte Turnhalle war bereits 20 Minuten vor dem Beginn voll besetzt. 200 Leute sa\u00dfen im Saal und auf der Empore. Aber es kamen immer noch mehr Interessierte die dem &#8222;Pop-meets-Africa&#8220;-Konzert des Sindelfinger Chores NewJoyce lauschen wollten.\u201c<\/p>\n<p>\u201e\u2026Das mit gelungener Percussion begleitete &#8222;Baba Yetu&#8220; holte einige Zuh\u00f6rerinnen und Zuh\u00f6rer gleich von den St\u00fchlen.\u201c<\/p>\n<p>\u201e\u2026Das war sch\u00f6ner und mitrei\u00dfender Ethno-Pop.\u201c<\/p>\n<p>\u201e\u2026Die Leistung des Chores fand sie beeindruckend. Es gab tosenden Applaus.\u201c<\/p>\n<hr \/>\n<p><em>SZBZ vom 23.03.2016:<\/em><\/p>\n<h4>Premiere mit 600 Zuh\u00f6rern (von Matthias Staber)<\/h4>\n<p>\u201e\u2026Mit \u00fcber 600 Zuschauern hat sich die vom Chor \u201eNewjoyce\u201c organisierte erste Sindelfinger Gospelnight in der Christuskirche als voller Erfolg pr\u00e4sentiert. Neben\u00a0\u201eNewjoyce\u201c unter der Leitung von Guido L\u00f6flad bespielten dabei der G\u00f6nninger Gospelchor von Klaus Rother sowie der Chor\u00a0\u201eVoice Cream\u201c aus T\u00fcbingen unter der Leitung von Cornelius Fritz die Schnittstelle zwischen Gospel, Jazz und Pop.\u201c<\/p>\n<p>\u201e&#8230;Bei den Auftritten aller drei Ch\u00f6re in der Christuskirche f\u00e4llt die hervorragende Akustik auf, die vor dem konzentrierten Publikum eine au\u00dfergew\u00f6hnliche Atmosph\u00e4re erzeugt, in der Musik und Texte zu ihrem vollen Recht kommen. Und obwohl sich die Gospelnacht nicht als christliche Veranstaltung versteht, hat diese Stimmung etwas beinahe Sakrales, das Menschen zueinander f\u00fchrt. Ein tolles Erlebnis!\u201c<\/p>\n<hr \/>\n<p><em>G\u00e4ubote vom 29.12.2015:<\/em><\/p>\n<h4>Gegen eine apokalyptisch anmutende Welt (von Arne Bauer)<\/h4>\n<p>\u201e\u2026Begleitet nur von einem Klavier, f\u00fchrte der 21-k\u00f6pfige Chor sanft in den Gottesdienst ein. &#8222;Comfort and joy&#8220; klang es immer wieder in hellen T\u00f6nen durch die voll besetzte Nikolauskirche, bevor das traditionelle englische Weihnachtslied &#8222;God rest ye merry Gentleman&#8220; unter dem Einsatz einer Cajon Fahrt aufnahm.\u201c<\/p>\n<p>\u201e\u2026Diese oft ern\u00fcchternde Realit\u00e4t einer traurigen Welt prallte auf die weihnachtlichen, hoffnungsvollen Ges\u00e4nge des Chors. Die St\u00fccke &#8222;Marys Boychild&#8220;, &#8222;Your Love&#8220; oder &#8222;Holy is the Lamb&#8220; berichteten von der Geschichte von Maria und Josef, der Geburt Jesu und der unendlichen und allgegenw\u00e4rtigen Liebe Gottes, vor der sich niemand verstecken kann. Immer wieder verflochten sich die Frauen- und M\u00e4nnerstimmen zu einem harmonischen Ganzen mit gef\u00fchlvollen Variationen in Lautst\u00e4rke und Tempo.\u201c<\/p>\n<p>\u201e\u2026Der Abschluss geb\u00fchrte dem Sindelfinger Chor, der als H\u00f6hepunkt vor einer mitklatschenden Gemeinde den Weihnachtsklassiker &#8222;Go tell it on the Mountain&#8220; anstimmte.\u201c<\/p>\n<hr \/>\n<p><em>SZBZ vom 31.10.2015:<\/em><\/p>\n<h4>Neue Wege und alte Hits (von Bernd Heiden)<\/h4>\n<p>\u201e\u2026NewJoyce bietet durch alle Genres, Rhythmen und Feelings eine ausgezeichnete Vorstellung. Denn, auch wenn bei der Programmfindung Individualit\u00e4t waltete, das Ensemble verr\u00e4t ein sehr hohes Ma\u00df der Tugenden, die einen guten Chor ausmachen.\u201c<\/p>\n<p>\u201e\u2026Speziell f\u00fcr einen Popchor nicht zu vernachl\u00e4ssigen: NewJoyce hat den Groove raus.\u201c<\/p>\n<p>\u201e\u2026Rhythmisch regiert Perfektionsstreben, wie unendlich viele, exakte gesungene Details verraten.\u201c<\/p>\n<hr \/>\n<p><em>G\u00e4ubote vom 28.12.2013:<\/em><\/p>\n<h4>Ein Hauch von swinging Weihnachten (von David Nau)<\/h4>\n<p>\u201e\u2026Die S\u00e4nger(innen) sorgten mit langsamen und besinnlichen Werken f\u00fcr einen passenden Rahmen der Lesungen. Mit schnelleren und lebendigeren St\u00fccken brachten die S\u00e4nger aber auch Swing in die Deckenpfronner Nikolauskirche und sorgten damit f\u00fcr einen sch\u00f6nen Wechsel zwischen Besinnlichkeit und Lebensfreude. Dieser konnte sich auch das Publikum nicht erwehren: Die Zuschauer wurden durch die Musik zum Klatschen und Stampfen animiert, was mit viel Applaus honoriert wurde.\u201c<\/p>\n<hr \/>\n<p><em>SZBZ vom 19.10.2011:<\/em><\/p>\n<h4>Selten geh\u00f6rte Arrangements (von Hans-Ulrich Kramer)<\/h4>\n<p>\u201e\u2026Gerade im Kollektiv sind die S\u00e4ngerinnen und S\u00e4nger sehr gut.\u201c<\/p>\n<p>\u201e\u2026Der Chor singt locker-leicht und mit sp\u00fcrbar guter Laune.\u201c<\/p>\n<p>\u201e\u2026Die flotten Soulst\u00fccke \u201eAin\u2019t no mountain high enough\u201c und \u201cMan in the mirror\u201d beschlie\u00dfen einen Abend, an dem es einige Chorarrangements zu h\u00f6ren gab, die sonst nur selten erklingen.\u201c<\/p>\n<hr \/>\n<p><em>B\u00f6blinger Bote vom 22.12.2010:<\/em><\/p>\n<h4>Wenn Weihnachten schon am 18. ist (von Siegfried Dannecker)<\/h4>\n<p>\u201e\u2026dem neuen Sindelfinger Chor \u201enewJoyce\u201c darf man eine gro\u00dfe Zukunft voraussagen, soviel ist gewiss. Mit ihrem Gospelabend haben die zwei Dutzend S\u00e4nger(innen) gesanglich Weihnachten auf den 18. Dezember vorverlegt und am Samstag eine \u201epratzelvolle\u201c Christuskirche begeistert.\u201c<\/p>\n<p>\u201e\u2026Die Stimmkultur der 18 Damen und sechs Herren der Sch\u00f6pfung unter Leitung von Guido L\u00f6flad jedenfalls ist verbl\u00fcffend. Dass da Menschen singen, die sich f\u00fcr ihr Hobby knappe Freizeit abzweigen m\u00fcssen, ist diesem Chor keineswegs anzuh\u00f6ren. Geschmeidig ist sein Vortrag, geschlossen, voller Farben, die zum Gesamtgem\u00e4lde eingebunden sind. Die Stimmung in der Truppe muss gut sein, wenn sie zu solchen Koloraturen der Kehlkopfkunst f\u00e4hig ist.\u201c<\/p>\n","protected":false},"excerpt":{"rendered":"<p>\u2026und das sagt die Presse \u00fcber uns: G\u00e4ubote vom 07.11.2017: NewJoyce setzt nicht nur auf Pop (von Andreas Staub) Der Pop- und Gospel-Chor NewJoyce aus Sindelfingen begeisterte mit afrikanischen Kl\u00e4ngen in der Alten Turnhalle. \u201e\u2026Mit einem solchen Andrang hatte wohl niemand gerechnet. Die Alte Turnhalle war bereits 20 Minuten vor dem Beginn voll besetzt. 200 [&hellip;]<\/p>\n","protected":false},"author":1,"featured_media":0,"parent":0,"menu_order":0,"comment_status":"closed","ping_status":"open","template":"","meta":{"jetpack_post_was_ever_published":false,"footnotes":""},"class_list":["post-1825","page","type-page","status-publish","hentry","post"],"jetpack_shortlink":"https:\/\/wp.me\/P481Cw-tr","jetpack_sharing_enabled":true,"_links":{"self":[{"href":"https:\/\/www.newjoyce.de\/index.php?rest_route=\/wp\/v2\/pages\/1825","targetHints":{"allow":["GET"]}}],"collection":[{"href":"https:\/\/www.newjoyce.de\/index.php?rest_route=\/wp\/v2\/pages"}],"about":[{"href":"https:\/\/www.newjoyce.de\/index.php?rest_route=\/wp\/v2\/types\/page"}],"author":[{"embeddable":true,"href":"https:\/\/www.newjoyce.de\/index.php?rest_route=\/wp\/v2\/users\/1"}],"replies":[{"embeddable":true,"href":"https:\/\/www.newjoyce.de\/index.php?rest_route=%2Fwp%2Fv2%2Fcomments&post=1825"}],"version-history":[{"count":13,"href":"https:\/\/www.newjoyce.de\/index.php?rest_route=\/wp\/v2\/pages\/1825\/revisions"}],"predecessor-version":[{"id":2059,"href":"https:\/\/www.newjoyce.de\/index.php?rest_route=\/wp\/v2\/pages\/1825\/revisions\/2059"}],"wp:attachment":[{"href":"https:\/\/www.newjoyce.de\/index.php?rest_route=%2Fwp%2Fv2%2Fmedia&parent=1825"}],"curies":[{"name":"wp","href":"https:\/\/api.w.org\/{rel}","templated":true}]}}